{"id":3489,"date":"2023-05-24T11:36:53","date_gmt":"2023-05-24T11:36:53","guid":{"rendered":"https:\/\/foundation-arise.com\/?page_id=3489"},"modified":"2023-06-16T10:35:01","modified_gmt":"2023-06-16T10:35:01","slug":"testimonials","status":"publish","type":"page","link":"https:\/\/foundation-arise.com\/fr\/testimonials\/","title":{"rendered":"T\u00e9moignages"},"content":{"rendered":"<div data-elementor-type=\"wp-page\" data-elementor-id=\"3489\" class=\"elementor elementor-3489\">\n\t\t\t\t\t\t<section class=\"elementor-section elementor-top-section elementor-element elementor-element-1d623f03 elementor-section-stretched banner-inner-pages elementor-section-boxed elementor-section-height-default elementor-section-height-default\" data-id=\"1d623f03\" data-element_type=\"section\" data-e-type=\"section\" data-settings=\"{&quot;stretch_section&quot;:&quot;section-stretched&quot;,&quot;background_background&quot;:&quot;classic&quot;}\">\n\t\t\t\t\t\t<div class=\"elementor-container elementor-column-gap-default\">\n\t\t\t\t\t<div class=\"elementor-column elementor-col-100 elementor-top-column elementor-element elementor-element-6a07be9f\" data-id=\"6a07be9f\" data-element_type=\"column\" data-e-type=\"column\">\n\t\t\t<div class=\"elementor-widget-wrap elementor-element-populated\">\n\t\t\t\t\t\t<div class=\"elementor-element elementor-element-79423459 inner-page-banner-title elementor-widget elementor-widget-heading\" data-id=\"79423459\" data-element_type=\"widget\" data-e-type=\"widget\" data-widget_type=\"heading.default\">\n\t\t\t\t<div class=\"elementor-widget-container\">\n\t\t\t\t\t<h2 class=\"elementor-heading-title elementor-size-default\">TEMOIGNAGES<\/h2>\t\t\t\t<\/div>\n\t\t\t\t<\/div>\n\t\t\t\t\t<\/div>\n\t\t<\/div>\n\t\t\t\t\t<\/div>\n\t\t<\/section>\n\t\t\t\t<section class=\"elementor-section elementor-top-section elementor-element elementor-element-7a429d3f elementor-section-boxed elementor-section-height-default elementor-section-height-default\" data-id=\"7a429d3f\" data-element_type=\"section\" data-e-type=\"section\" data-settings=\"{&quot;background_background&quot;:&quot;classic&quot;}\">\n\t\t\t\t\t\t<div class=\"elementor-container elementor-column-gap-default\">\n\t\t\t\t\t<div class=\"elementor-column elementor-col-100 elementor-top-column elementor-element elementor-element-3d4f792c\" data-id=\"3d4f792c\" data-element_type=\"column\" data-e-type=\"column\">\n\t\t\t<div class=\"elementor-widget-wrap elementor-element-populated\">\n\t\t\t\t\t\t<div class=\"elementor-element elementor-element-24ddcfb2 elementor-absolute elementor-widget elementor-widget-image\" data-id=\"24ddcfb2\" data-element_type=\"widget\" data-e-type=\"widget\" data-settings=\"{&quot;_position&quot;:&quot;absolute&quot;}\" data-widget_type=\"image.default\">\n\t\t\t\t<div class=\"elementor-widget-container\">\n\t\t\t\t\t\t\t\t\t\t\t\t\t\t\t<img decoding=\"async\" width=\"99\" height=\"102\" src=\"https:\/\/foundation-arise.com\/wp-content\/uploads\/2023\/05\/Arise-Foundation-Logo-copyBd-2-1-1.png\" class=\"attachment-thumbnail size-thumbnail wp-image-1360\" alt=\"\" \/>\t\t\t\t\t\t\t\t\t\t\t\t\t\t\t<\/div>\n\t\t\t\t<\/div>\n\t\t\t\t\t<\/div>\n\t\t<\/div>\n\t\t\t\t\t<\/div>\n\t\t<\/section>\n\t\t\t\t<section class=\"elementor-section elementor-top-section elementor-element elementor-element-4099660 elementor-section-full_width testmonial-wrappercls elementor-section-height-default elementor-section-height-default\" data-id=\"4099660\" data-element_type=\"section\" data-e-type=\"section\">\n\t\t\t\t\t\t<div class=\"elementor-container elementor-column-gap-default\">\n\t\t\t\t\t<div class=\"elementor-column elementor-col-100 elementor-top-column elementor-element elementor-element-8bd582c\" data-id=\"8bd582c\" data-element_type=\"column\" data-e-type=\"column\">\n\t\t\t<div class=\"elementor-widget-wrap elementor-element-populated\">\n\t\t\t\t\t\t<div class=\"elementor-element elementor-element-fd1de45 elementor-widget elementor-widget-shortcode\" data-id=\"fd1de45\" data-element_type=\"widget\" data-e-type=\"widget\" data-widget_type=\"shortcode.default\">\n\t\t\t\t<div class=\"elementor-widget-container\">\n\t\t\t\t\t\t\t<div class=\"elementor-shortcode\"><div class=\"row\"><div class=\"col-lg-4 image_outer\"><div class=\"testimonial_inner\"><div class=\"cr-image\"><div class=\"testimonial-shortd\"><div class=\"image_in\"><img decoding=\"async\" src=\"https:\/\/foundation-arise.com\/wp-content\/uploads\/2023\/05\/Rectangle-40-3.png\"><\/div><div class=\"tsmnl__title\">Thierry Tanoh<\/div><div class=\"designation\">Yale Young African Scholar Program<\/div><div class=\"content\">Arise est un acteur important dans le domaine des infrastructures en Afrique subsaharienne...<\/div><br><\/div><a class=\"myBtn perma read-more-btn\">En savoir plus<\/a><div class=\"myModal\"><div class=\"modal-content\"><span class=\"close\"><p>&times;<\/p><\/span> <div class=\"tes__para\">\r\n<p>Arise est un acteur important dans le domaine des infrastructures en Afrique subsaharienne. Il est bon de voir qu'Arise r\u00e9alise l'importance de soutenir les communaut\u00e9s o\u00f9 elle op\u00e8re et qu'elle cr\u00e9e une fondation en vue de mat\u00e9rialiser son engagement envers les communaut\u00e9s locales africaines.<\/p>\r\n<p>Une des fa\u00e7ons de soutenir ces communaut\u00e9s locales est de parrainer des programmes \u00e9ducatifs qui, \u00e0 leur tour, fourniront la main-d'\u0153uvre qualifi\u00e9e dont le secteur priv\u00e9 africain a besoin pour op\u00e9rer et \u00eatre comp\u00e9titif au niveau international.<\/p>\r\n<p>L'acc\u00e8s \u00e0 l'enseignement primaire attire aujourd'hui l'attention. Si l'acc\u00e8s \u00e0 l'enseignement primaire pour tous est essentiel pour l'avenir de l'Afrique, il est \u00e9galement primordial pour notre continent d'encourager l'excellence et donc de soutenir l'\u00e9ducation des \u00e9lites qui constitueront les leaders de demain.<\/p>\r\n<p>La direction de l'Universit\u00e9 de Yale, sous la houlette de son pr\u00e9sident, s'efforce de contribuer \u00e0 la formation des leaders africains de demain, c'est-\u00e0-dire des penseurs novateurs et coop\u00e9ratifs qui s'engagent \u00e0 faire progresser l'avenir du continent. C'est dans ce contexte que Yale, en plus de son programme s\u00e9lectif Yale Young Global Scholars (\"YYGS\"), a mis en place le programme Yale Young African Scholars (\"YYAS\"). Ce dernier se d\u00e9roule chaque ann\u00e9e en diff\u00e9rents lieux \u00e0 travers l'Afrique. Le programme YYAS est gratuit et le recrutement est ax\u00e9 sur les \u00e9tudiants \u00e0 faible revenu ayant de bons r\u00e9sultats. Les almuni du programme continuent de b\u00e9n\u00e9ficier d'un mentorat pendant qu'ils candidatent \u00e0 des universit\u00e9s.<\/p>\r\n<p>Je suis en parfait accord avec l'approche de Yale qui consiste \u00e0 favoriser l'acc\u00e8s aux \u00e9tudiants africains performants et \u00e0 faibles revenus. En outre, comme les statistiques d'admission le montrent, les jeunes Africains talentueux des pays francophones sont sous-repr\u00e9sent\u00e9s dans ces programmes, il semble important d\u2019inverser cette tendance.<\/p>\r\n<p>C'est dans ce contexte, et en comprenant les valeurs promues par Arise en Afrique, que je me suis rapproch\u00e9 de la Fondation Arise naissante pour lui demander de soutenir (i) le programme YYAS ainsi que (ii) l'admission de jeunes Africains au programme YYGS.<\/p>\r\n<p>J'ai \u00e9t\u00e9 heureux de constater l'int\u00e9r\u00eat imm\u00e9diat de la Fondation Arise pour une telle initiative et <strong>je me r\u00e9jouis que la Fondation Arise se soit engag\u00e9e \u00e0 contribuer \u00e0 hauteur d'un minimum de 50 000 dollars au Fonds Yale pour l'Afrique francophone<\/strong>\u00a0\u00e0 l'YYGS et \u00e0 l'YYAS. La Fondation Arise a \u00e9galement accept\u00e9, au cours des prochaines ann\u00e9es, de continuer \u00e0 \u00e9valuer une augmentation potentielle de son engagement actuel pour cet important programme.<\/p>\r\n<p><strong>Au-del\u00e0 de cette contribution, j'esp\u00e8re sinc\u00e8rement qu'Arise sera en mesure d'embaucher ou d'accueillir comme stagiaires des alumni des programmes YYGS et YYAS.<\/strong><\/p>\r\n<\/div><\/div><\/div><\/div><\/div><\/div><div class=\"col-lg-4 image_outer\"><div class=\"testimonial_inner\"><div class=\"cr-image\"><div class=\"testimonial-shortd\"><div class=\"image_in\"><img decoding=\"async\" src=\"https:\/\/foundation-arise.com\/wp-content\/uploads\/2023\/05\/Rectangle-40-1-1.png\"><\/div><div class=\"tsmnl__title\">Djeki N\u2019Dani D\u00e9wa<\/div><div class=\"designation\">Directrice, \u00c9cole Publique Primaire d\u2019Adetikope Centrale<\/div><div class=\"content\">Au nom de tous les acteurs de l\u2019EPP Adetikope Centrale, au nom de la direction...<\/div><br><\/div><a class=\"myBtn perma read-more-btn\">En savoir plus<\/a><div class=\"myModal\"><div class=\"modal-content\"><span class=\"close\"><p>&times;<\/p><\/span> <div class=\"tes__para\">\r\n<p>Au nom de tous les acteurs de l\u2019EPP Adetikope Centrale, au nom de la direction et \u00e0 mon nom personnel, je tiens \u00e0 dire un sinc\u00e8re merci \u00e0 ARISE Foundation pour la m\u00e9tamorphose de notre \u00e9cole. <strong>Gr\u00e2ce \u00e0 ARISE Foundation, notre \u00e9cole a fait peau neuve avec deux nouveaux b\u00e2timents dont un en \u00e9tage avec des toilettes incorpor\u00e9es et une gigantesque cl\u00f4ture qui ceinture l\u2019ensemble de notre \u00e9cole. Gr\u00e2ce a ARISE Foundation nous travaillons m\u00eame quand il pleut.<\/strong>\u00a0ARISE Foundation merci, merci, merci. Akpe Kaka Elabal\u00e8, God bless you every time.<\/p>\r\n<\/div><\/div><\/div><\/div><\/div><\/div><div class=\"col-lg-4 image_outer\"><div class=\"testimonial_inner\"><div class=\"cr-image\"><div class=\"testimonial-shortd\"><div class=\"image_in\"><img decoding=\"async\" src=\"https:\/\/foundation-arise.com\/wp-content\/uploads\/2023\/05\/Rectangle-40-2-1.png\"><\/div><div class=\"tsmnl__title\">Ouro-Akondo L\u00e9la<\/div><div class=\"designation\"> \u00c9l\u00e8ve, \u00c9cole Publique Primaire d\u2019Adetikope Centrale<\/div><div class=\"content\">Grace a la Fondation ARISE nous avons une belle \u00e9cole et nous \u00e9tudions bien...<\/div><br><\/div><a class=\"myBtn perma read-more-btn\">En savoir plus<\/a><div class=\"myModal\"><div class=\"modal-content\"><span class=\"close\"><p>&times;<\/p><\/span> <div class=\"tes__para\"><p><strong><\/strong><\/p>\r\n<p>Grace a la Fondation ARISE nous avons une belle \u00e9cole et nous \u00e9tudions bien, merci Fondation ARISE.<\/p>\r\n<p><strong><\/strong><\/p><\/div><\/div><\/div><\/div><\/div><\/div><\/div><\/div>\n\t\t\t\t\t\t<\/div>\n\t\t\t\t<\/div>\n\t\t\t\t\t<\/div>\n\t\t<\/div>\n\t\t\t\t\t<\/div>\n\t\t<\/section>\n\t\t\t\t<section class=\"elementor-section elementor-top-section elementor-element elementor-element-21f921a9 elementor-section-boxed elementor-section-height-default elementor-section-height-default\" data-id=\"21f921a9\" data-element_type=\"section\" data-e-type=\"section\">\n\t\t\t\t\t\t<div class=\"elementor-container elementor-column-gap-default\">\n\t\t\t\t\t<div class=\"elementor-column elementor-col-100 elementor-top-column elementor-element elementor-element-76c87cf\" data-id=\"76c87cf\" data-element_type=\"column\" data-e-type=\"column\">\n\t\t\t<div class=\"elementor-widget-wrap elementor-element-populated\">\n\t\t\t\t\t\t<div class=\"elementor-element elementor-element-278e1936 elementor-align-center elementor-widget elementor-widget-button\" data-id=\"278e1936\" data-element_type=\"widget\" data-e-type=\"widget\" data-widget_type=\"button.default\">\n\t\t\t\t<div class=\"elementor-widget-container\">\n\t\t\t\t\t\t\t\t\t<div class=\"elementor-button-wrapper\">\n\t\t\t\t\t<a class=\"elementor-button elementor-button-link elementor-size-lg\" href=\"\/fr\/contact-us\/\">\n\t\t\t\t\t\t<span class=\"elementor-button-content-wrapper\">\n\t\t\t\t\t\t<span class=\"elementor-button-icon\">\n\t\t\t\t<i aria-hidden=\"true\" class=\"far fa-arrow-alt-circle-right\"><\/i>\t\t\t<\/span>\n\t\t\t\t\t\t\t\t\t<span class=\"elementor-button-text\">Contribuer<\/span>\n\t\t\t\t\t<\/span>\n\t\t\t\t\t<\/a>\n\t\t\t\t<\/div>\n\t\t\t\t\t\t\t\t<\/div>\n\t\t\t\t<\/div>\n\t\t\t\t\t<\/div>\n\t\t<\/div>\n\t\t\t\t\t<\/div>\n\t\t<\/section>\n\t\t\t\t<\/div>","protected":false},"excerpt":{"rendered":"<p>T\u00e9moignages<\/p>","protected":false},"author":182,"featured_media":0,"parent":0,"menu_order":0,"comment_status":"closed","ping_status":"closed","template":"","meta":{"_acf_changed":false,"footnotes":""},"class_list":["post-3489","page","type-page","status-publish","hentry"],"acf":[],"_links":{"self":[{"href":"https:\/\/foundation-arise.com\/fr\/wp-json\/wp\/v2\/pages\/3489","targetHints":{"allow":["GET"]}}],"collection":[{"href":"https:\/\/foundation-arise.com\/fr\/wp-json\/wp\/v2\/pages"}],"about":[{"href":"https:\/\/foundation-arise.com\/fr\/wp-json\/wp\/v2\/types\/page"}],"author":[{"embeddable":true,"href":"https:\/\/foundation-arise.com\/fr\/wp-json\/wp\/v2\/users\/182"}],"replies":[{"embeddable":true,"href":"https:\/\/foundation-arise.com\/fr\/wp-json\/wp\/v2\/comments?post=3489"}],"version-history":[{"count":124,"href":"https:\/\/foundation-arise.com\/fr\/wp-json\/wp\/v2\/pages\/3489\/revisions"}],"predecessor-version":[{"id":9052,"href":"https:\/\/foundation-arise.com\/fr\/wp-json\/wp\/v2\/pages\/3489\/revisions\/9052"}],"wp:attachment":[{"href":"https:\/\/foundation-arise.com\/fr\/wp-json\/wp\/v2\/media?parent=3489"}],"curies":[{"name":"wp","href":"https:\/\/api.w.org\/{rel}","templated":true}]}}